{"id":6116,"date":"2022-06-28T19:20:00","date_gmt":"2022-06-28T13:50:00","guid":{"rendered":"https:\/\/dev.dightinfotech.com\/scolio_life\/disclaimer\/"},"modified":"2023-04-28T18:12:11","modified_gmt":"2023-04-28T12:42:11","slug":"disclaimer","status":"publish","type":"page","link":"https:\/\/scoliometer.app\/vn\/disclaimer\/","title":{"rendered":"T\u1eeb ch\u1ed1i tr\u00e1ch nhi\u1ec7m"},"content":{"rendered":"","protected":false},"excerpt":{"rendered":"","protected":false},"author":1,"featured_media":0,"parent":0,"menu_order":0,"comment_status":"closed","ping_status":"closed","template":"my-templates\/disclaimer.php","meta":{"footnotes":""},"class_list":["post-6116","page","type-page","status-publish","hentry"],"yoast_head":"<!-- This site is optimized with the Yoast SEO plugin v27.5 - https:\/\/yoast.com\/product\/yoast-seo-wordpress\/ -->\n<title>T\u1eeb ch\u1ed1i tr\u00e1ch nhi\u1ec7m | m\u00e1y \u0111o \u0111\u1ed9 cong<\/title>\n<meta name=\"description\" content=\"Tuy\u00ean b\u1ed1 t\u1eeb ch\u1ed1i tr\u00e1ch nhi\u1ec7m y t\u1ebf \u0111\u1ed1i v\u1edbi \u1ee9ng d\u1ee5ng \u0111o \u0111\u1ed9 cong c\u1ed9t s\u1ed1ng l\u00e0 tuy\u00ean b\u1ed1 l\u00e0m r\u00f5 r\u1eb1ng \u1ee9ng d\u1ee5ng n\u00e0y ch\u1ec9 nh\u1eb1m m\u1ee5c \u0111\u00edch cung c\u1ea5p th\u00f4ng tin v\u00e0 kh\u00f4ng \u0111\u01b0\u1ee3c s\u1eed d\u1ee5ng thay th\u1ebf cho t\u01b0 v\u1ea5n y t\u1ebf chuy\u00ean nghi\u1ec7p.\" \/>\n<meta name=\"robots\" content=\"index, follow, max-snippet:-1, max-image-preview:large, max-video-preview:-1\" \/>\n<link rel=\"canonical\" href=\"https:\/\/scoliometer.app\/vn\/disclaimer\/\" \/>\n<meta property=\"og:locale\" content=\"en_US\" \/>\n<meta property=\"og:type\" content=\"article\" \/>\n<meta property=\"og:title\" content=\"T\u1eeb ch\u1ed1i tr\u00e1ch nhi\u1ec7m | m\u00e1y \u0111o \u0111\u1ed9 cong\" \/>\n<meta property=\"og:description\" content=\"Tuy\u00ean b\u1ed1 t\u1eeb ch\u1ed1i tr\u00e1ch nhi\u1ec7m y t\u1ebf \u0111\u1ed1i v\u1edbi \u1ee9ng d\u1ee5ng \u0111o \u0111\u1ed9 cong c\u1ed9t s\u1ed1ng l\u00e0 tuy\u00ean b\u1ed1 l\u00e0m r\u00f5 r\u1eb1ng \u1ee9ng d\u1ee5ng n\u00e0y ch\u1ec9 nh\u1eb1m m\u1ee5c \u0111\u00edch cung c\u1ea5p th\u00f4ng tin v\u00e0 kh\u00f4ng \u0111\u01b0\u1ee3c s\u1eed d\u1ee5ng thay th\u1ebf cho t\u01b0 v\u1ea5n y t\u1ebf chuy\u00ean nghi\u1ec7p.\" \/>\n<meta property=\"og:url\" content=\"https:\/\/scoliometer.app\/vn\/disclaimer\/\" \/>\n<meta property=\"og:site_name\" content=\"Scoliometer App\" \/>\n<meta property=\"article:publisher\" content=\"https:\/\/www.facebook.com\/scoliolife\" \/>\n<meta property=\"article:modified_time\" content=\"2023-04-28T12:42:11+00:00\" \/>\n<meta name=\"twitter:card\" content=\"summary_large_image\" \/>\n<meta name=\"twitter:site\" content=\"@drkevinlau\" \/>\n<script type=\"application\/ld+json\" class=\"yoast-schema-graph\">{\"@context\":\"https:\\\/\\\/schema.org\",\"@graph\":[{\"@type\":\"WebPage\",\"@id\":\"https:\\\/\\\/scoliometer.app\\\/vn\\\/disclaimer\\\/\",\"url\":\"https:\\\/\\\/scoliometer.app\\\/vn\\\/disclaimer\\\/\",\"name\":\"T\u1eeb ch\u1ed1i tr\u00e1ch nhi\u1ec7m | m\u00e1y \u0111o \u0111\u1ed9 cong\",\"isPartOf\":{\"@id\":\"https:\\\/\\\/scoliometer.app\\\/#website\"},\"datePublished\":\"2022-06-28T13:50:00+00:00\",\"dateModified\":\"2023-04-28T12:42:11+00:00\",\"description\":\"Tuy\u00ean b\u1ed1 t\u1eeb ch\u1ed1i tr\u00e1ch nhi\u1ec7m y t\u1ebf \u0111\u1ed1i v\u1edbi \u1ee9ng d\u1ee5ng \u0111o \u0111\u1ed9 cong c\u1ed9t s\u1ed1ng l\u00e0 tuy\u00ean b\u1ed1 l\u00e0m r\u00f5 r\u1eb1ng \u1ee9ng d\u1ee5ng n\u00e0y ch\u1ec9 nh\u1eb1m m\u1ee5c \u0111\u00edch cung c\u1ea5p th\u00f4ng tin v\u00e0 kh\u00f4ng \u0111\u01b0\u1ee3c s\u1eed d\u1ee5ng thay th\u1ebf cho t\u01b0 v\u1ea5n y t\u1ebf chuy\u00ean nghi\u1ec7p.\",\"breadcrumb\":{\"@id\":\"https:\\\/\\\/scoliometer.app\\\/vn\\\/disclaimer\\\/#breadcrumb\"},\"inLanguage\":\"vn-VN\",\"potentialAction\":[{\"@type\":\"ReadAction\",\"target\":[\"https:\\\/\\\/scoliometer.app\\\/vn\\\/disclaimer\\\/\"]}]},{\"@type\":\"BreadcrumbList\",\"@id\":\"https:\\\/\\\/scoliometer.app\\\/vn\\\/disclaimer\\\/#breadcrumb\",\"itemListElement\":[{\"@type\":\"ListItem\",\"position\":1,\"name\":\"Home\",\"item\":\"https:\\\/\\\/scoliometer.app\\\/vn\\\/\"},{\"@type\":\"ListItem\",\"position\":2,\"name\":\"T\u1eeb ch\u1ed1i tr\u00e1ch nhi\u1ec7m\"}]},{\"@type\":\"WebSite\",\"@id\":\"https:\\\/\\\/scoliometer.app\\\/#website\",\"url\":\"https:\\\/\\\/scoliometer.app\\\/\",\"name\":\"Scoliometer App\",\"description\":\"Scoliometer App by ScolioLife\u2122\",\"publisher\":{\"@id\":\"https:\\\/\\\/scoliometer.app\\\/#organization\"},\"potentialAction\":[{\"@type\":\"SearchAction\",\"target\":{\"@type\":\"EntryPoint\",\"urlTemplate\":\"https:\\\/\\\/scoliometer.app\\\/?s={search_term_string}\"},\"query-input\":{\"@type\":\"PropertyValueSpecification\",\"valueRequired\":true,\"valueName\":\"search_term_string\"}}],\"inLanguage\":\"vn-VN\"},{\"@type\":\"Organization\",\"@id\":\"https:\\\/\\\/scoliometer.app\\\/#organization\",\"name\":\"ScolioLife Pte Ltd\",\"url\":\"https:\\\/\\\/scoliometer.app\\\/\",\"logo\":{\"@type\":\"ImageObject\",\"inLanguage\":\"vn-VN\",\"@id\":\"https:\\\/\\\/scoliometer.app\\\/#\\\/schema\\\/logo\\\/image\\\/\",\"url\":\"https:\\\/\\\/scoliometer.app\\\/wp-content\\\/uploads\\\/2022\\\/12\\\/ScolioLife-LogoRectangle-scaled.jpg\",\"contentUrl\":\"https:\\\/\\\/scoliometer.app\\\/wp-content\\\/uploads\\\/2022\\\/12\\\/ScolioLife-LogoRectangle-scaled.jpg\",\"width\":2560,\"height\":819,\"caption\":\"ScolioLife Pte Ltd\"},\"image\":{\"@id\":\"https:\\\/\\\/scoliometer.app\\\/#\\\/schema\\\/logo\\\/image\\\/\"},\"sameAs\":[\"https:\\\/\\\/www.facebook.com\\\/scoliolife\",\"https:\\\/\\\/x.com\\\/drkevinlau\",\"https:\\\/\\\/www.instagram.com\\\/scoliolife\\\/\"]}]}<\/script>\n<!-- \/ Yoast SEO plugin. -->","yoast_head_json":{"title":"T\u1eeb ch\u1ed1i tr\u00e1ch nhi\u1ec7m | m\u00e1y \u0111o \u0111\u1ed9 cong","description":"Tuy\u00ean b\u1ed1 t\u1eeb ch\u1ed1i tr\u00e1ch nhi\u1ec7m y t\u1ebf \u0111\u1ed1i v\u1edbi \u1ee9ng d\u1ee5ng \u0111o \u0111\u1ed9 cong c\u1ed9t s\u1ed1ng l\u00e0 tuy\u00ean b\u1ed1 l\u00e0m r\u00f5 r\u1eb1ng \u1ee9ng d\u1ee5ng n\u00e0y ch\u1ec9 nh\u1eb1m m\u1ee5c \u0111\u00edch cung c\u1ea5p th\u00f4ng tin v\u00e0 kh\u00f4ng \u0111\u01b0\u1ee3c s\u1eed d\u1ee5ng thay th\u1ebf cho t\u01b0 v\u1ea5n y t\u1ebf chuy\u00ean nghi\u1ec7p.","robots":{"index":"index","follow":"follow","max-snippet":"max-snippet:-1","max-image-preview":"max-image-preview:large","max-video-preview":"max-video-preview:-1"},"canonical":"https:\/\/scoliometer.app\/vn\/disclaimer\/","og_locale":"en_US","og_type":"article","og_title":"T\u1eeb ch\u1ed1i tr\u00e1ch nhi\u1ec7m | m\u00e1y \u0111o \u0111\u1ed9 cong","og_description":"Tuy\u00ean b\u1ed1 t\u1eeb ch\u1ed1i tr\u00e1ch nhi\u1ec7m y t\u1ebf \u0111\u1ed1i v\u1edbi \u1ee9ng d\u1ee5ng \u0111o \u0111\u1ed9 cong c\u1ed9t s\u1ed1ng l\u00e0 tuy\u00ean b\u1ed1 l\u00e0m r\u00f5 r\u1eb1ng \u1ee9ng d\u1ee5ng n\u00e0y ch\u1ec9 nh\u1eb1m m\u1ee5c \u0111\u00edch cung c\u1ea5p th\u00f4ng tin v\u00e0 kh\u00f4ng \u0111\u01b0\u1ee3c s\u1eed d\u1ee5ng thay th\u1ebf cho t\u01b0 v\u1ea5n y t\u1ebf chuy\u00ean nghi\u1ec7p.","og_url":"https:\/\/scoliometer.app\/vn\/disclaimer\/","og_site_name":"Scoliometer App","article_publisher":"https:\/\/www.facebook.com\/scoliolife","article_modified_time":"2023-04-28T12:42:11+00:00","twitter_card":"summary_large_image","twitter_site":"@drkevinlau","schema":{"@context":"https:\/\/schema.org","@graph":[{"@type":"WebPage","@id":"https:\/\/scoliometer.app\/vn\/disclaimer\/","url":"https:\/\/scoliometer.app\/vn\/disclaimer\/","name":"T\u1eeb ch\u1ed1i tr\u00e1ch nhi\u1ec7m | m\u00e1y \u0111o \u0111\u1ed9 cong","isPartOf":{"@id":"https:\/\/scoliometer.app\/#website"},"datePublished":"2022-06-28T13:50:00+00:00","dateModified":"2023-04-28T12:42:11+00:00","description":"Tuy\u00ean b\u1ed1 t\u1eeb ch\u1ed1i tr\u00e1ch nhi\u1ec7m y t\u1ebf \u0111\u1ed1i v\u1edbi \u1ee9ng d\u1ee5ng \u0111o \u0111\u1ed9 cong c\u1ed9t s\u1ed1ng l\u00e0 tuy\u00ean b\u1ed1 l\u00e0m r\u00f5 r\u1eb1ng \u1ee9ng d\u1ee5ng n\u00e0y ch\u1ec9 nh\u1eb1m m\u1ee5c \u0111\u00edch cung c\u1ea5p th\u00f4ng tin v\u00e0 kh\u00f4ng \u0111\u01b0\u1ee3c s\u1eed d\u1ee5ng thay th\u1ebf cho t\u01b0 v\u1ea5n y t\u1ebf chuy\u00ean nghi\u1ec7p.","breadcrumb":{"@id":"https:\/\/scoliometer.app\/vn\/disclaimer\/#breadcrumb"},"inLanguage":"vn-VN","potentialAction":[{"@type":"ReadAction","target":["https:\/\/scoliometer.app\/vn\/disclaimer\/"]}]},{"@type":"BreadcrumbList","@id":"https:\/\/scoliometer.app\/vn\/disclaimer\/#breadcrumb","itemListElement":[{"@type":"ListItem","position":1,"name":"Home","item":"https:\/\/scoliometer.app\/vn\/"},{"@type":"ListItem","position":2,"name":"T\u1eeb ch\u1ed1i tr\u00e1ch nhi\u1ec7m"}]},{"@type":"WebSite","@id":"https:\/\/scoliometer.app\/#website","url":"https:\/\/scoliometer.app\/","name":"Scoliometer App","description":"Scoliometer App by ScolioLife\u2122","publisher":{"@id":"https:\/\/scoliometer.app\/#organization"},"potentialAction":[{"@type":"SearchAction","target":{"@type":"EntryPoint","urlTemplate":"https:\/\/scoliometer.app\/?s={search_term_string}"},"query-input":{"@type":"PropertyValueSpecification","valueRequired":true,"valueName":"search_term_string"}}],"inLanguage":"vn-VN"},{"@type":"Organization","@id":"https:\/\/scoliometer.app\/#organization","name":"ScolioLife Pte Ltd","url":"https:\/\/scoliometer.app\/","logo":{"@type":"ImageObject","inLanguage":"vn-VN","@id":"https:\/\/scoliometer.app\/#\/schema\/logo\/image\/","url":"https:\/\/scoliometer.app\/wp-content\/uploads\/2022\/12\/ScolioLife-LogoRectangle-scaled.jpg","contentUrl":"https:\/\/scoliometer.app\/wp-content\/uploads\/2022\/12\/ScolioLife-LogoRectangle-scaled.jpg","width":2560,"height":819,"caption":"ScolioLife Pte Ltd"},"image":{"@id":"https:\/\/scoliometer.app\/#\/schema\/logo\/image\/"},"sameAs":["https:\/\/www.facebook.com\/scoliolife","https:\/\/x.com\/drkevinlau","https:\/\/www.instagram.com\/scoliolife\/"]}]}},"_links":{"self":[{"href":"https:\/\/scoliometer.app\/vn\/wp-json\/wp\/v2\/pages\/6116","targetHints":{"allow":["GET"]}}],"collection":[{"href":"https:\/\/scoliometer.app\/vn\/wp-json\/wp\/v2\/pages"}],"about":[{"href":"https:\/\/scoliometer.app\/vn\/wp-json\/wp\/v2\/types\/page"}],"author":[{"embeddable":true,"href":"https:\/\/scoliometer.app\/vn\/wp-json\/wp\/v2\/users\/1"}],"replies":[{"embeddable":true,"href":"https:\/\/scoliometer.app\/vn\/wp-json\/wp\/v2\/comments?post=6116"}],"version-history":[{"count":0,"href":"https:\/\/scoliometer.app\/vn\/wp-json\/wp\/v2\/pages\/6116\/revisions"}],"wp:attachment":[{"href":"https:\/\/scoliometer.app\/vn\/wp-json\/wp\/v2\/media?parent=6116"}],"curies":[{"name":"wp","href":"https:\/\/api.w.org\/{rel}","templated":true}]}}