{"id":6112,"date":"2022-06-20T15:35:53","date_gmt":"2022-06-20T10:05:53","guid":{"rendered":"https:\/\/dev.dightinfotech.com\/scolio_life\/about\/"},"modified":"2024-03-22T13:59:56","modified_gmt":"2024-03-22T08:29:56","slug":"about","status":"publish","type":"page","link":"https:\/\/scoliometer.app\/vn\/about\/","title":{"rendered":"V\u1ec1 ch\u00fang t\u00f4i"},"content":{"rendered":"","protected":false},"excerpt":{"rendered":"","protected":false},"author":1,"featured_media":0,"parent":0,"menu_order":0,"comment_status":"closed","ping_status":"closed","template":"my-templates\/about.php","meta":{"footnotes":""},"class_list":["post-6112","page","type-page","status-publish","hentry"],"yoast_head":"<!-- This site is optimized with the Yoast SEO plugin v27.5 - https:\/\/yoast.com\/product\/yoast-seo-wordpress\/ -->\n<title>V\u1ec1 ch\u00fang t\u00f4i | Gi\u1edbi thi\u1ec7u v\u1ec1 ScolioLife Nh\u00e0 ph\u00e1t tri\u1ec3n \u1ee9ng d\u1ee5ng M\u00e1y \u0111o \u0111\u1ed9 cong<\/title>\n<meta name=\"description\" content=\"T\u00ecm hi\u1ec3u v\u1ec1 ScolioLife, nh\u00e0 cung c\u1ea5p \u1ee9ng d\u1ee5ng ch\u1ed1ng v\u1eb9o c\u1ed9t s\u1ed1ng \u0111\u01b0\u1ee3c x\u1ebfp h\u1ea1ng s\u1ed1 1, ng\u01b0\u1eddi \u0111\u00e3 ph\u00e1t tri\u1ec3n \u1ee9ng d\u1ee5ng m\u00e1y \u0111o \u0111\u1ed9 cong.\" \/>\n<meta name=\"robots\" content=\"index, follow, max-snippet:-1, max-image-preview:large, max-video-preview:-1\" \/>\n<link rel=\"canonical\" href=\"https:\/\/scoliometer.app\/vn\/about\/\" \/>\n<meta property=\"og:locale\" content=\"en_US\" \/>\n<meta property=\"og:type\" content=\"article\" \/>\n<meta property=\"og:title\" content=\"V\u1ec1 ch\u00fang t\u00f4i | Gi\u1edbi thi\u1ec7u v\u1ec1 ScolioLife Nh\u00e0 ph\u00e1t tri\u1ec3n \u1ee9ng d\u1ee5ng M\u00e1y \u0111o \u0111\u1ed9 cong\" \/>\n<meta property=\"og:description\" content=\"T\u00ecm hi\u1ec3u v\u1ec1 ScolioLife, nh\u00e0 cung c\u1ea5p \u1ee9ng d\u1ee5ng ch\u1ed1ng v\u1eb9o c\u1ed9t s\u1ed1ng \u0111\u01b0\u1ee3c x\u1ebfp h\u1ea1ng s\u1ed1 1, ng\u01b0\u1eddi \u0111\u00e3 ph\u00e1t tri\u1ec3n \u1ee9ng d\u1ee5ng m\u00e1y \u0111o \u0111\u1ed9 cong.\" \/>\n<meta property=\"og:url\" content=\"https:\/\/scoliometer.app\/vn\/about\/\" \/>\n<meta property=\"og:site_name\" content=\"Scoliometer App\" \/>\n<meta property=\"article:publisher\" content=\"https:\/\/www.facebook.com\/scoliolife\" \/>\n<meta property=\"article:modified_time\" content=\"2024-03-22T08:29:56+00:00\" \/>\n<meta name=\"twitter:card\" content=\"summary_large_image\" \/>\n<meta name=\"twitter:site\" content=\"@drkevinlau\" \/>\n<script type=\"application\/ld+json\" class=\"yoast-schema-graph\">{\"@context\":\"https:\\\/\\\/schema.org\",\"@graph\":[{\"@type\":\"WebPage\",\"@id\":\"https:\\\/\\\/scoliometer.app\\\/vn\\\/about\\\/\",\"url\":\"https:\\\/\\\/scoliometer.app\\\/vn\\\/about\\\/\",\"name\":\"V\u1ec1 ch\u00fang t\u00f4i | Gi\u1edbi thi\u1ec7u v\u1ec1 ScolioLife Nh\u00e0 ph\u00e1t tri\u1ec3n \u1ee9ng d\u1ee5ng M\u00e1y \u0111o \u0111\u1ed9 cong\",\"isPartOf\":{\"@id\":\"https:\\\/\\\/scoliometer.app\\\/#website\"},\"datePublished\":\"2022-06-20T10:05:53+00:00\",\"dateModified\":\"2024-03-22T08:29:56+00:00\",\"description\":\"T\u00ecm hi\u1ec3u v\u1ec1 ScolioLife, nh\u00e0 cung c\u1ea5p \u1ee9ng d\u1ee5ng ch\u1ed1ng v\u1eb9o c\u1ed9t s\u1ed1ng \u0111\u01b0\u1ee3c x\u1ebfp h\u1ea1ng s\u1ed1 1, ng\u01b0\u1eddi \u0111\u00e3 ph\u00e1t tri\u1ec3n \u1ee9ng d\u1ee5ng m\u00e1y \u0111o \u0111\u1ed9 cong.\",\"breadcrumb\":{\"@id\":\"https:\\\/\\\/scoliometer.app\\\/vn\\\/about\\\/#breadcrumb\"},\"inLanguage\":\"vn-VN\",\"potentialAction\":[{\"@type\":\"ReadAction\",\"target\":[\"https:\\\/\\\/scoliometer.app\\\/vn\\\/about\\\/\"]}]},{\"@type\":\"BreadcrumbList\",\"@id\":\"https:\\\/\\\/scoliometer.app\\\/vn\\\/about\\\/#breadcrumb\",\"itemListElement\":[{\"@type\":\"ListItem\",\"position\":1,\"name\":\"Home\",\"item\":\"https:\\\/\\\/scoliometer.app\\\/vn\\\/\"},{\"@type\":\"ListItem\",\"position\":2,\"name\":\"V\u1ec1 ch\u00fang t\u00f4i\"}]},{\"@type\":\"WebSite\",\"@id\":\"https:\\\/\\\/scoliometer.app\\\/#website\",\"url\":\"https:\\\/\\\/scoliometer.app\\\/\",\"name\":\"Scoliometer App\",\"description\":\"Scoliometer App by ScolioLife\u2122\",\"publisher\":{\"@id\":\"https:\\\/\\\/scoliometer.app\\\/#organization\"},\"potentialAction\":[{\"@type\":\"SearchAction\",\"target\":{\"@type\":\"EntryPoint\",\"urlTemplate\":\"https:\\\/\\\/scoliometer.app\\\/?s={search_term_string}\"},\"query-input\":{\"@type\":\"PropertyValueSpecification\",\"valueRequired\":true,\"valueName\":\"search_term_string\"}}],\"inLanguage\":\"vn-VN\"},{\"@type\":\"Organization\",\"@id\":\"https:\\\/\\\/scoliometer.app\\\/#organization\",\"name\":\"ScolioLife Pte Ltd\",\"url\":\"https:\\\/\\\/scoliometer.app\\\/\",\"logo\":{\"@type\":\"ImageObject\",\"inLanguage\":\"vn-VN\",\"@id\":\"https:\\\/\\\/scoliometer.app\\\/#\\\/schema\\\/logo\\\/image\\\/\",\"url\":\"https:\\\/\\\/scoliometer.app\\\/wp-content\\\/uploads\\\/2022\\\/12\\\/ScolioLife-LogoRectangle-scaled.jpg\",\"contentUrl\":\"https:\\\/\\\/scoliometer.app\\\/wp-content\\\/uploads\\\/2022\\\/12\\\/ScolioLife-LogoRectangle-scaled.jpg\",\"width\":2560,\"height\":819,\"caption\":\"ScolioLife Pte Ltd\"},\"image\":{\"@id\":\"https:\\\/\\\/scoliometer.app\\\/#\\\/schema\\\/logo\\\/image\\\/\"},\"sameAs\":[\"https:\\\/\\\/www.facebook.com\\\/scoliolife\",\"https:\\\/\\\/x.com\\\/drkevinlau\",\"https:\\\/\\\/www.instagram.com\\\/scoliolife\\\/\"]}]}<\/script>\n<!-- \/ Yoast SEO plugin. -->","yoast_head_json":{"title":"V\u1ec1 ch\u00fang t\u00f4i | Gi\u1edbi thi\u1ec7u v\u1ec1 ScolioLife Nh\u00e0 ph\u00e1t tri\u1ec3n \u1ee9ng d\u1ee5ng M\u00e1y \u0111o \u0111\u1ed9 cong","description":"T\u00ecm hi\u1ec3u v\u1ec1 ScolioLife, nh\u00e0 cung c\u1ea5p \u1ee9ng d\u1ee5ng ch\u1ed1ng v\u1eb9o c\u1ed9t s\u1ed1ng \u0111\u01b0\u1ee3c x\u1ebfp h\u1ea1ng s\u1ed1 1, ng\u01b0\u1eddi \u0111\u00e3 ph\u00e1t tri\u1ec3n \u1ee9ng d\u1ee5ng m\u00e1y \u0111o \u0111\u1ed9 cong.","robots":{"index":"index","follow":"follow","max-snippet":"max-snippet:-1","max-image-preview":"max-image-preview:large","max-video-preview":"max-video-preview:-1"},"canonical":"https:\/\/scoliometer.app\/vn\/about\/","og_locale":"en_US","og_type":"article","og_title":"V\u1ec1 ch\u00fang t\u00f4i | Gi\u1edbi thi\u1ec7u v\u1ec1 ScolioLife Nh\u00e0 ph\u00e1t tri\u1ec3n \u1ee9ng d\u1ee5ng M\u00e1y \u0111o \u0111\u1ed9 cong","og_description":"T\u00ecm hi\u1ec3u v\u1ec1 ScolioLife, nh\u00e0 cung c\u1ea5p \u1ee9ng d\u1ee5ng ch\u1ed1ng v\u1eb9o c\u1ed9t s\u1ed1ng \u0111\u01b0\u1ee3c x\u1ebfp h\u1ea1ng s\u1ed1 1, ng\u01b0\u1eddi \u0111\u00e3 ph\u00e1t tri\u1ec3n \u1ee9ng d\u1ee5ng m\u00e1y \u0111o \u0111\u1ed9 cong.","og_url":"https:\/\/scoliometer.app\/vn\/about\/","og_site_name":"Scoliometer App","article_publisher":"https:\/\/www.facebook.com\/scoliolife","article_modified_time":"2024-03-22T08:29:56+00:00","twitter_card":"summary_large_image","twitter_site":"@drkevinlau","schema":{"@context":"https:\/\/schema.org","@graph":[{"@type":"WebPage","@id":"https:\/\/scoliometer.app\/vn\/about\/","url":"https:\/\/scoliometer.app\/vn\/about\/","name":"V\u1ec1 ch\u00fang t\u00f4i | Gi\u1edbi thi\u1ec7u v\u1ec1 ScolioLife Nh\u00e0 ph\u00e1t tri\u1ec3n \u1ee9ng d\u1ee5ng M\u00e1y \u0111o \u0111\u1ed9 cong","isPartOf":{"@id":"https:\/\/scoliometer.app\/#website"},"datePublished":"2022-06-20T10:05:53+00:00","dateModified":"2024-03-22T08:29:56+00:00","description":"T\u00ecm hi\u1ec3u v\u1ec1 ScolioLife, nh\u00e0 cung c\u1ea5p \u1ee9ng d\u1ee5ng ch\u1ed1ng v\u1eb9o c\u1ed9t s\u1ed1ng \u0111\u01b0\u1ee3c x\u1ebfp h\u1ea1ng s\u1ed1 1, ng\u01b0\u1eddi \u0111\u00e3 ph\u00e1t tri\u1ec3n \u1ee9ng d\u1ee5ng m\u00e1y \u0111o \u0111\u1ed9 cong.","breadcrumb":{"@id":"https:\/\/scoliometer.app\/vn\/about\/#breadcrumb"},"inLanguage":"vn-VN","potentialAction":[{"@type":"ReadAction","target":["https:\/\/scoliometer.app\/vn\/about\/"]}]},{"@type":"BreadcrumbList","@id":"https:\/\/scoliometer.app\/vn\/about\/#breadcrumb","itemListElement":[{"@type":"ListItem","position":1,"name":"Home","item":"https:\/\/scoliometer.app\/vn\/"},{"@type":"ListItem","position":2,"name":"V\u1ec1 ch\u00fang t\u00f4i"}]},{"@type":"WebSite","@id":"https:\/\/scoliometer.app\/#website","url":"https:\/\/scoliometer.app\/","name":"Scoliometer App","description":"Scoliometer App by ScolioLife\u2122","publisher":{"@id":"https:\/\/scoliometer.app\/#organization"},"potentialAction":[{"@type":"SearchAction","target":{"@type":"EntryPoint","urlTemplate":"https:\/\/scoliometer.app\/?s={search_term_string}"},"query-input":{"@type":"PropertyValueSpecification","valueRequired":true,"valueName":"search_term_string"}}],"inLanguage":"vn-VN"},{"@type":"Organization","@id":"https:\/\/scoliometer.app\/#organization","name":"ScolioLife Pte Ltd","url":"https:\/\/scoliometer.app\/","logo":{"@type":"ImageObject","inLanguage":"vn-VN","@id":"https:\/\/scoliometer.app\/#\/schema\/logo\/image\/","url":"https:\/\/scoliometer.app\/wp-content\/uploads\/2022\/12\/ScolioLife-LogoRectangle-scaled.jpg","contentUrl":"https:\/\/scoliometer.app\/wp-content\/uploads\/2022\/12\/ScolioLife-LogoRectangle-scaled.jpg","width":2560,"height":819,"caption":"ScolioLife Pte Ltd"},"image":{"@id":"https:\/\/scoliometer.app\/#\/schema\/logo\/image\/"},"sameAs":["https:\/\/www.facebook.com\/scoliolife","https:\/\/x.com\/drkevinlau","https:\/\/www.instagram.com\/scoliolife\/"]}]}},"_links":{"self":[{"href":"https:\/\/scoliometer.app\/vn\/wp-json\/wp\/v2\/pages\/6112","targetHints":{"allow":["GET"]}}],"collection":[{"href":"https:\/\/scoliometer.app\/vn\/wp-json\/wp\/v2\/pages"}],"about":[{"href":"https:\/\/scoliometer.app\/vn\/wp-json\/wp\/v2\/types\/page"}],"author":[{"embeddable":true,"href":"https:\/\/scoliometer.app\/vn\/wp-json\/wp\/v2\/users\/1"}],"replies":[{"embeddable":true,"href":"https:\/\/scoliometer.app\/vn\/wp-json\/wp\/v2\/comments?post=6112"}],"version-history":[{"count":1,"href":"https:\/\/scoliometer.app\/vn\/wp-json\/wp\/v2\/pages\/6112\/revisions"}],"predecessor-version":[{"id":11414,"href":"https:\/\/scoliometer.app\/vn\/wp-json\/wp\/v2\/pages\/6112\/revisions\/11414"}],"wp:attachment":[{"href":"https:\/\/scoliometer.app\/vn\/wp-json\/wp\/v2\/media?parent=6112"}],"curies":[{"name":"wp","href":"https:\/\/api.w.org\/{rel}","templated":true}]}}