{"id":6110,"date":"2022-09-15T14:08:41","date_gmt":"2022-09-15T08:38:41","guid":{"rendered":"https:\/\/dev.dightinfotech.com\/scolio_life\/home\/"},"modified":"2024-04-01T21:13:58","modified_gmt":"2024-04-01T15:43:58","slug":"home","status":"publish","type":"page","link":"https:\/\/scoliometer.app\/vn\/","title":{"rendered":"Trang ch\u1ee7"},"content":{"rendered":"","protected":false},"excerpt":{"rendered":"","protected":false},"author":1,"featured_media":0,"parent":0,"menu_order":0,"comment_status":"closed","ping_status":"closed","template":"my-templates\/home.php","meta":{"footnotes":""},"class_list":["post-6110","page","type-page","status-publish","hentry"],"yoast_head":"<!-- This site is optimized with the Yoast SEO plugin v27.5 - https:\/\/yoast.com\/product\/yoast-seo-wordpress\/ -->\n<title>Trang ch\u1ee7 | \u1ee8ng d\u1ee5ng \u0111o v\u1eb9o c\u1ed9t s\u1ed1ng cho ch\u1ee9ng v\u1eb9o c\u1ed9t s\u1ed1ng tr\u00ean iOS v\u00e0 Android | Vi\u1ec7t Nam<\/title>\n<meta name=\"description\" content=\"\u1ee8ng d\u1ee5ng V\u1eb9o c\u1ed9t s\u1ed1ng \u0111\u1ec3 theo d\u00f5i ch\u1ee9ng v\u1eb9o c\u1ed9t s\u1ed1ng c\u1ee7a b\u1ea1n m\u1ed9t c\u00e1ch tho\u1ea3i m\u00e1i t\u1ea1i nh\u00e0 ri\u00eang ho\u1eb7c ph\u00f2ng kh\u00e1m c\u1ee7a b\u1ea1n. Theo d\u00f5i an to\u00e0n v\u00e0 ch\u00ednh x\u00e1c t\u00ecnh tr\u1ea1ng v\u1eb9o c\u1ed9t s\u1ed1ng c\u1ee7a b\u1ea1n.\" \/>\n<meta name=\"robots\" content=\"index, follow, max-snippet:-1, max-image-preview:large, max-video-preview:-1\" \/>\n<link rel=\"canonical\" href=\"https:\/\/scoliometer.app\/vn\/\" \/>\n<meta property=\"og:locale\" content=\"en_US\" \/>\n<meta property=\"og:type\" content=\"article\" \/>\n<meta property=\"og:title\" content=\"Trang ch\u1ee7 | \u1ee8ng d\u1ee5ng \u0111o v\u1eb9o c\u1ed9t s\u1ed1ng cho ch\u1ee9ng v\u1eb9o c\u1ed9t s\u1ed1ng tr\u00ean iOS v\u00e0 Android | Vi\u1ec7t Nam\" \/>\n<meta property=\"og:description\" content=\"\u1ee8ng d\u1ee5ng V\u1eb9o c\u1ed9t s\u1ed1ng \u0111\u1ec3 theo d\u00f5i ch\u1ee9ng v\u1eb9o c\u1ed9t s\u1ed1ng c\u1ee7a b\u1ea1n m\u1ed9t c\u00e1ch tho\u1ea3i m\u00e1i t\u1ea1i nh\u00e0 ri\u00eang ho\u1eb7c ph\u00f2ng kh\u00e1m c\u1ee7a b\u1ea1n. Theo d\u00f5i an to\u00e0n v\u00e0 ch\u00ednh x\u00e1c t\u00ecnh tr\u1ea1ng v\u1eb9o c\u1ed9t s\u1ed1ng c\u1ee7a b\u1ea1n.\" \/>\n<meta property=\"og:url\" content=\"https:\/\/scoliometer.app\/vn\/\" \/>\n<meta property=\"og:site_name\" content=\"Scoliometer App\" \/>\n<meta property=\"article:publisher\" content=\"https:\/\/www.facebook.com\/scoliolife\" \/>\n<meta property=\"article:modified_time\" content=\"2024-04-01T15:43:58+00:00\" \/>\n<meta name=\"twitter:card\" content=\"summary_large_image\" \/>\n<meta name=\"twitter:site\" content=\"@drkevinlau\" \/>\n<script type=\"application\/ld+json\" class=\"yoast-schema-graph\">{\"@context\":\"https:\\\/\\\/schema.org\",\"@graph\":[{\"@type\":\"WebPage\",\"@id\":\"https:\\\/\\\/scoliometer.app\\\/vn\\\/\",\"url\":\"https:\\\/\\\/scoliometer.app\\\/vn\\\/\",\"name\":\"Trang ch\u1ee7 | \u1ee8ng d\u1ee5ng \u0111o v\u1eb9o c\u1ed9t s\u1ed1ng cho ch\u1ee9ng v\u1eb9o c\u1ed9t s\u1ed1ng tr\u00ean iOS v\u00e0 Android | Vi\u1ec7t Nam\",\"isPartOf\":{\"@id\":\"https:\\\/\\\/scoliometer.app\\\/#website\"},\"datePublished\":\"2022-09-15T08:38:41+00:00\",\"dateModified\":\"2024-04-01T15:43:58+00:00\",\"description\":\"\u1ee8ng d\u1ee5ng V\u1eb9o c\u1ed9t s\u1ed1ng \u0111\u1ec3 theo d\u00f5i ch\u1ee9ng v\u1eb9o c\u1ed9t s\u1ed1ng c\u1ee7a b\u1ea1n m\u1ed9t c\u00e1ch tho\u1ea3i m\u00e1i t\u1ea1i nh\u00e0 ri\u00eang ho\u1eb7c ph\u00f2ng kh\u00e1m c\u1ee7a b\u1ea1n. Theo d\u00f5i an to\u00e0n v\u00e0 ch\u00ednh x\u00e1c t\u00ecnh tr\u1ea1ng v\u1eb9o c\u1ed9t s\u1ed1ng c\u1ee7a b\u1ea1n.\",\"breadcrumb\":{\"@id\":\"https:\\\/\\\/scoliometer.app\\\/vn\\\/#breadcrumb\"},\"inLanguage\":\"vn-VN\",\"potentialAction\":[{\"@type\":\"ReadAction\",\"target\":[\"https:\\\/\\\/scoliometer.app\\\/vn\\\/\"]}]},{\"@type\":\"BreadcrumbList\",\"@id\":\"https:\\\/\\\/scoliometer.app\\\/vn\\\/#breadcrumb\",\"itemListElement\":[{\"@type\":\"ListItem\",\"position\":1,\"name\":\"Home\",\"item\":\"https:\\\/\\\/scoliometer.app\\\/vn\\\/\"},{\"@type\":\"ListItem\",\"position\":2,\"name\":\"Trang ch\u1ee7\"}]},{\"@type\":\"WebSite\",\"@id\":\"https:\\\/\\\/scoliometer.app\\\/#website\",\"url\":\"https:\\\/\\\/scoliometer.app\\\/\",\"name\":\"Scoliometer App\",\"description\":\"Scoliometer App by ScolioLife\u2122\",\"publisher\":{\"@id\":\"https:\\\/\\\/scoliometer.app\\\/#organization\"},\"potentialAction\":[{\"@type\":\"SearchAction\",\"target\":{\"@type\":\"EntryPoint\",\"urlTemplate\":\"https:\\\/\\\/scoliometer.app\\\/?s={search_term_string}\"},\"query-input\":{\"@type\":\"PropertyValueSpecification\",\"valueRequired\":true,\"valueName\":\"search_term_string\"}}],\"inLanguage\":\"vn-VN\"},{\"@type\":\"Organization\",\"@id\":\"https:\\\/\\\/scoliometer.app\\\/#organization\",\"name\":\"ScolioLife Pte Ltd\",\"url\":\"https:\\\/\\\/scoliometer.app\\\/\",\"logo\":{\"@type\":\"ImageObject\",\"inLanguage\":\"vn-VN\",\"@id\":\"https:\\\/\\\/scoliometer.app\\\/#\\\/schema\\\/logo\\\/image\\\/\",\"url\":\"https:\\\/\\\/scoliometer.app\\\/wp-content\\\/uploads\\\/2022\\\/12\\\/ScolioLife-LogoRectangle-scaled.jpg\",\"contentUrl\":\"https:\\\/\\\/scoliometer.app\\\/wp-content\\\/uploads\\\/2022\\\/12\\\/ScolioLife-LogoRectangle-scaled.jpg\",\"width\":2560,\"height\":819,\"caption\":\"ScolioLife Pte Ltd\"},\"image\":{\"@id\":\"https:\\\/\\\/scoliometer.app\\\/#\\\/schema\\\/logo\\\/image\\\/\"},\"sameAs\":[\"https:\\\/\\\/www.facebook.com\\\/scoliolife\",\"https:\\\/\\\/x.com\\\/drkevinlau\",\"https:\\\/\\\/www.instagram.com\\\/scoliolife\\\/\"]}]}<\/script>\n<!-- \/ Yoast SEO plugin. -->","yoast_head_json":{"title":"Trang ch\u1ee7 | \u1ee8ng d\u1ee5ng \u0111o v\u1eb9o c\u1ed9t s\u1ed1ng cho ch\u1ee9ng v\u1eb9o c\u1ed9t s\u1ed1ng tr\u00ean iOS v\u00e0 Android | Vi\u1ec7t Nam","description":"\u1ee8ng d\u1ee5ng V\u1eb9o c\u1ed9t s\u1ed1ng \u0111\u1ec3 theo d\u00f5i ch\u1ee9ng v\u1eb9o c\u1ed9t s\u1ed1ng c\u1ee7a b\u1ea1n m\u1ed9t c\u00e1ch tho\u1ea3i m\u00e1i t\u1ea1i nh\u00e0 ri\u00eang ho\u1eb7c ph\u00f2ng kh\u00e1m c\u1ee7a b\u1ea1n. Theo d\u00f5i an to\u00e0n v\u00e0 ch\u00ednh x\u00e1c t\u00ecnh tr\u1ea1ng v\u1eb9o c\u1ed9t s\u1ed1ng c\u1ee7a b\u1ea1n.","robots":{"index":"index","follow":"follow","max-snippet":"max-snippet:-1","max-image-preview":"max-image-preview:large","max-video-preview":"max-video-preview:-1"},"canonical":"https:\/\/scoliometer.app\/vn\/","og_locale":"en_US","og_type":"article","og_title":"Trang ch\u1ee7 | \u1ee8ng d\u1ee5ng \u0111o v\u1eb9o c\u1ed9t s\u1ed1ng cho ch\u1ee9ng v\u1eb9o c\u1ed9t s\u1ed1ng tr\u00ean iOS v\u00e0 Android | Vi\u1ec7t Nam","og_description":"\u1ee8ng d\u1ee5ng V\u1eb9o c\u1ed9t s\u1ed1ng \u0111\u1ec3 theo d\u00f5i ch\u1ee9ng v\u1eb9o c\u1ed9t s\u1ed1ng c\u1ee7a b\u1ea1n m\u1ed9t c\u00e1ch tho\u1ea3i m\u00e1i t\u1ea1i nh\u00e0 ri\u00eang ho\u1eb7c ph\u00f2ng kh\u00e1m c\u1ee7a b\u1ea1n. Theo d\u00f5i an to\u00e0n v\u00e0 ch\u00ednh x\u00e1c t\u00ecnh tr\u1ea1ng v\u1eb9o c\u1ed9t s\u1ed1ng c\u1ee7a b\u1ea1n.","og_url":"https:\/\/scoliometer.app\/vn\/","og_site_name":"Scoliometer App","article_publisher":"https:\/\/www.facebook.com\/scoliolife","article_modified_time":"2024-04-01T15:43:58+00:00","twitter_card":"summary_large_image","twitter_site":"@drkevinlau","schema":{"@context":"https:\/\/schema.org","@graph":[{"@type":"WebPage","@id":"https:\/\/scoliometer.app\/vn\/","url":"https:\/\/scoliometer.app\/vn\/","name":"Trang ch\u1ee7 | \u1ee8ng d\u1ee5ng \u0111o v\u1eb9o c\u1ed9t s\u1ed1ng cho ch\u1ee9ng v\u1eb9o c\u1ed9t s\u1ed1ng tr\u00ean iOS v\u00e0 Android | Vi\u1ec7t Nam","isPartOf":{"@id":"https:\/\/scoliometer.app\/#website"},"datePublished":"2022-09-15T08:38:41+00:00","dateModified":"2024-04-01T15:43:58+00:00","description":"\u1ee8ng d\u1ee5ng V\u1eb9o c\u1ed9t s\u1ed1ng \u0111\u1ec3 theo d\u00f5i ch\u1ee9ng v\u1eb9o c\u1ed9t s\u1ed1ng c\u1ee7a b\u1ea1n m\u1ed9t c\u00e1ch tho\u1ea3i m\u00e1i t\u1ea1i nh\u00e0 ri\u00eang ho\u1eb7c ph\u00f2ng kh\u00e1m c\u1ee7a b\u1ea1n. Theo d\u00f5i an to\u00e0n v\u00e0 ch\u00ednh x\u00e1c t\u00ecnh tr\u1ea1ng v\u1eb9o c\u1ed9t s\u1ed1ng c\u1ee7a b\u1ea1n.","breadcrumb":{"@id":"https:\/\/scoliometer.app\/vn\/#breadcrumb"},"inLanguage":"vn-VN","potentialAction":[{"@type":"ReadAction","target":["https:\/\/scoliometer.app\/vn\/"]}]},{"@type":"BreadcrumbList","@id":"https:\/\/scoliometer.app\/vn\/#breadcrumb","itemListElement":[{"@type":"ListItem","position":1,"name":"Home","item":"https:\/\/scoliometer.app\/vn\/"},{"@type":"ListItem","position":2,"name":"Trang ch\u1ee7"}]},{"@type":"WebSite","@id":"https:\/\/scoliometer.app\/#website","url":"https:\/\/scoliometer.app\/","name":"Scoliometer App","description":"Scoliometer App by ScolioLife\u2122","publisher":{"@id":"https:\/\/scoliometer.app\/#organization"},"potentialAction":[{"@type":"SearchAction","target":{"@type":"EntryPoint","urlTemplate":"https:\/\/scoliometer.app\/?s={search_term_string}"},"query-input":{"@type":"PropertyValueSpecification","valueRequired":true,"valueName":"search_term_string"}}],"inLanguage":"vn-VN"},{"@type":"Organization","@id":"https:\/\/scoliometer.app\/#organization","name":"ScolioLife Pte Ltd","url":"https:\/\/scoliometer.app\/","logo":{"@type":"ImageObject","inLanguage":"vn-VN","@id":"https:\/\/scoliometer.app\/#\/schema\/logo\/image\/","url":"https:\/\/scoliometer.app\/wp-content\/uploads\/2022\/12\/ScolioLife-LogoRectangle-scaled.jpg","contentUrl":"https:\/\/scoliometer.app\/wp-content\/uploads\/2022\/12\/ScolioLife-LogoRectangle-scaled.jpg","width":2560,"height":819,"caption":"ScolioLife Pte Ltd"},"image":{"@id":"https:\/\/scoliometer.app\/#\/schema\/logo\/image\/"},"sameAs":["https:\/\/www.facebook.com\/scoliolife","https:\/\/x.com\/drkevinlau","https:\/\/www.instagram.com\/scoliolife\/"]}]}},"_links":{"self":[{"href":"https:\/\/scoliometer.app\/vn\/wp-json\/wp\/v2\/pages\/6110","targetHints":{"allow":["GET"]}}],"collection":[{"href":"https:\/\/scoliometer.app\/vn\/wp-json\/wp\/v2\/pages"}],"about":[{"href":"https:\/\/scoliometer.app\/vn\/wp-json\/wp\/v2\/types\/page"}],"author":[{"embeddable":true,"href":"https:\/\/scoliometer.app\/vn\/wp-json\/wp\/v2\/users\/1"}],"replies":[{"embeddable":true,"href":"https:\/\/scoliometer.app\/vn\/wp-json\/wp\/v2\/comments?post=6110"}],"version-history":[{"count":6,"href":"https:\/\/scoliometer.app\/vn\/wp-json\/wp\/v2\/pages\/6110\/revisions"}],"predecessor-version":[{"id":11509,"href":"https:\/\/scoliometer.app\/vn\/wp-json\/wp\/v2\/pages\/6110\/revisions\/11509"}],"wp:attachment":[{"href":"https:\/\/scoliometer.app\/vn\/wp-json\/wp\/v2\/media?parent=6110"}],"curies":[{"name":"wp","href":"https:\/\/api.w.org\/{rel}","templated":true}]}}