{"id":4056,"date":"2022-06-13T17:57:50","date_gmt":"2022-06-13T12:27:50","guid":{"rendered":"https:\/\/dev.dightinfotech.com\/scolio_life\/faqs\/"},"modified":"2024-03-19T11:54:09","modified_gmt":"2024-03-19T06:24:09","slug":"faqs","status":"publish","type":"page","link":"https:\/\/scoliometer.app\/pt-br\/faqs\/","title":{"rendered":"FAQ"},"content":{"rendered":"","protected":false},"excerpt":{"rendered":"","protected":false},"author":1,"featured_media":0,"parent":0,"menu_order":0,"comment_status":"closed","ping_status":"closed","template":"my-templates\/faqs.php","meta":{"footnotes":""},"class_list":["post-4056","page","type-page","status-publish","hentry"],"yoast_head":"<!-- This site is optimized with the Yoast SEO plugin v27.2 - https:\/\/yoast.com\/product\/yoast-seo-wordpress\/ -->\n<title>FAQ | Perguntas frequentes sobre o aplicativo escoli\u00f4metro<\/title>\n<meta name=\"description\" content=\"Saiba mais sobre o Escoli\u00f4metro App verificando a se\u00e7\u00e3o de perguntas frequentes.\" \/>\n<meta name=\"robots\" content=\"index, follow, max-snippet:-1, max-image-preview:large, max-video-preview:-1\" \/>\n<link rel=\"canonical\" href=\"https:\/\/scoliometer.app\/pt-br\/faqs\/\" \/>\n<meta property=\"og:locale\" content=\"pt_BR\" \/>\n<meta property=\"og:type\" content=\"article\" \/>\n<meta property=\"og:title\" content=\"FAQ | Perguntas frequentes sobre o aplicativo escoli\u00f4metro\" \/>\n<meta property=\"og:description\" content=\"Saiba mais sobre o Escoli\u00f4metro App verificando a se\u00e7\u00e3o de perguntas frequentes.\" \/>\n<meta property=\"og:url\" content=\"https:\/\/scoliometer.app\/pt-br\/faqs\/\" \/>\n<meta property=\"og:site_name\" content=\"Scoliometer App\" \/>\n<meta property=\"article:publisher\" content=\"https:\/\/www.facebook.com\/scoliolife\" \/>\n<meta property=\"article:modified_time\" content=\"2024-03-19T06:24:09+00:00\" \/>\n<meta name=\"twitter:card\" content=\"summary_large_image\" \/>\n<meta name=\"twitter:site\" content=\"@drkevinlau\" \/>\n<script type=\"application\/ld+json\" class=\"yoast-schema-graph\">{\"@context\":\"https:\/\/schema.org\",\"@graph\":[{\"@type\":\"WebPage\",\"@id\":\"https:\/\/scoliometer.app\/pt-br\/faqs\/\",\"url\":\"https:\/\/scoliometer.app\/pt-br\/faqs\/\",\"name\":\"FAQ | Perguntas frequentes sobre o aplicativo escoli\u00f4metro\",\"isPartOf\":{\"@id\":\"https:\/\/scoliometer.app\/#website\"},\"datePublished\":\"2022-06-13T12:27:50+00:00\",\"dateModified\":\"2024-03-19T06:24:09+00:00\",\"description\":\"Saiba mais sobre o Escoli\u00f4metro App verificando a se\u00e7\u00e3o de perguntas frequentes.\",\"breadcrumb\":{\"@id\":\"https:\/\/scoliometer.app\/pt-br\/faqs\/#breadcrumb\"},\"inLanguage\":\"pt-BR\",\"potentialAction\":[{\"@type\":\"ReadAction\",\"target\":[\"https:\/\/scoliometer.app\/pt-br\/faqs\/\"]}]},{\"@type\":\"BreadcrumbList\",\"@id\":\"https:\/\/scoliometer.app\/pt-br\/faqs\/#breadcrumb\",\"itemListElement\":[{\"@type\":\"ListItem\",\"position\":1,\"name\":\"Home\",\"item\":\"https:\/\/scoliometer.app\/pt-br\/\"},{\"@type\":\"ListItem\",\"position\":2,\"name\":\"FAQ\"}]},{\"@type\":\"WebSite\",\"@id\":\"https:\/\/scoliometer.app\/#website\",\"url\":\"https:\/\/scoliometer.app\/\",\"name\":\"Scoliometer App\",\"description\":\"Scoliometer App by ScolioLife\u2122\",\"publisher\":{\"@id\":\"https:\/\/scoliometer.app\/#organization\"},\"potentialAction\":[{\"@type\":\"SearchAction\",\"target\":{\"@type\":\"EntryPoint\",\"urlTemplate\":\"https:\/\/scoliometer.app\/?s={search_term_string}\"},\"query-input\":{\"@type\":\"PropertyValueSpecification\",\"valueRequired\":true,\"valueName\":\"search_term_string\"}}],\"inLanguage\":\"pt-BR\"},{\"@type\":\"Organization\",\"@id\":\"https:\/\/scoliometer.app\/#organization\",\"name\":\"ScolioLife Pte Ltd\",\"url\":\"https:\/\/scoliometer.app\/\",\"logo\":{\"@type\":\"ImageObject\",\"inLanguage\":\"pt-BR\",\"@id\":\"https:\/\/scoliometer.app\/#\/schema\/logo\/image\/\",\"url\":\"https:\/\/scoliometer.app\/wp-content\/uploads\/2022\/12\/ScolioLife-LogoRectangle-scaled.jpg\",\"contentUrl\":\"https:\/\/scoliometer.app\/wp-content\/uploads\/2022\/12\/ScolioLife-LogoRectangle-scaled.jpg\",\"width\":2560,\"height\":819,\"caption\":\"ScolioLife Pte Ltd\"},\"image\":{\"@id\":\"https:\/\/scoliometer.app\/#\/schema\/logo\/image\/\"},\"sameAs\":[\"https:\/\/www.facebook.com\/scoliolife\",\"https:\/\/x.com\/drkevinlau\",\"https:\/\/www.instagram.com\/scoliolife\/\"]}]}<\/script>\n<!-- \/ Yoast SEO plugin. -->","yoast_head_json":{"title":"FAQ | Perguntas frequentes sobre o aplicativo escoli\u00f4metro","description":"Saiba mais sobre o Escoli\u00f4metro App verificando a se\u00e7\u00e3o de perguntas frequentes.","robots":{"index":"index","follow":"follow","max-snippet":"max-snippet:-1","max-image-preview":"max-image-preview:large","max-video-preview":"max-video-preview:-1"},"canonical":"https:\/\/scoliometer.app\/pt-br\/faqs\/","og_locale":"pt_BR","og_type":"article","og_title":"FAQ | Perguntas frequentes sobre o aplicativo escoli\u00f4metro","og_description":"Saiba mais sobre o Escoli\u00f4metro App verificando a se\u00e7\u00e3o de perguntas frequentes.","og_url":"https:\/\/scoliometer.app\/pt-br\/faqs\/","og_site_name":"Scoliometer App","article_publisher":"https:\/\/www.facebook.com\/scoliolife","article_modified_time":"2024-03-19T06:24:09+00:00","twitter_card":"summary_large_image","twitter_site":"@drkevinlau","schema":{"@context":"https:\/\/schema.org","@graph":[{"@type":"WebPage","@id":"https:\/\/scoliometer.app\/pt-br\/faqs\/","url":"https:\/\/scoliometer.app\/pt-br\/faqs\/","name":"FAQ | Perguntas frequentes sobre o aplicativo escoli\u00f4metro","isPartOf":{"@id":"https:\/\/scoliometer.app\/#website"},"datePublished":"2022-06-13T12:27:50+00:00","dateModified":"2024-03-19T06:24:09+00:00","description":"Saiba mais sobre o Escoli\u00f4metro App verificando a se\u00e7\u00e3o de perguntas frequentes.","breadcrumb":{"@id":"https:\/\/scoliometer.app\/pt-br\/faqs\/#breadcrumb"},"inLanguage":"pt-BR","potentialAction":[{"@type":"ReadAction","target":["https:\/\/scoliometer.app\/pt-br\/faqs\/"]}]},{"@type":"BreadcrumbList","@id":"https:\/\/scoliometer.app\/pt-br\/faqs\/#breadcrumb","itemListElement":[{"@type":"ListItem","position":1,"name":"Home","item":"https:\/\/scoliometer.app\/pt-br\/"},{"@type":"ListItem","position":2,"name":"FAQ"}]},{"@type":"WebSite","@id":"https:\/\/scoliometer.app\/#website","url":"https:\/\/scoliometer.app\/","name":"Scoliometer App","description":"Scoliometer App by ScolioLife\u2122","publisher":{"@id":"https:\/\/scoliometer.app\/#organization"},"potentialAction":[{"@type":"SearchAction","target":{"@type":"EntryPoint","urlTemplate":"https:\/\/scoliometer.app\/?s={search_term_string}"},"query-input":{"@type":"PropertyValueSpecification","valueRequired":true,"valueName":"search_term_string"}}],"inLanguage":"pt-BR"},{"@type":"Organization","@id":"https:\/\/scoliometer.app\/#organization","name":"ScolioLife Pte Ltd","url":"https:\/\/scoliometer.app\/","logo":{"@type":"ImageObject","inLanguage":"pt-BR","@id":"https:\/\/scoliometer.app\/#\/schema\/logo\/image\/","url":"https:\/\/scoliometer.app\/wp-content\/uploads\/2022\/12\/ScolioLife-LogoRectangle-scaled.jpg","contentUrl":"https:\/\/scoliometer.app\/wp-content\/uploads\/2022\/12\/ScolioLife-LogoRectangle-scaled.jpg","width":2560,"height":819,"caption":"ScolioLife Pte Ltd"},"image":{"@id":"https:\/\/scoliometer.app\/#\/schema\/logo\/image\/"},"sameAs":["https:\/\/www.facebook.com\/scoliolife","https:\/\/x.com\/drkevinlau","https:\/\/www.instagram.com\/scoliolife\/"]}]}},"_links":{"self":[{"href":"https:\/\/scoliometer.app\/pt-br\/wp-json\/wp\/v2\/pages\/4056","targetHints":{"allow":["GET"]}}],"collection":[{"href":"https:\/\/scoliometer.app\/pt-br\/wp-json\/wp\/v2\/pages"}],"about":[{"href":"https:\/\/scoliometer.app\/pt-br\/wp-json\/wp\/v2\/types\/page"}],"author":[{"embeddable":true,"href":"https:\/\/scoliometer.app\/pt-br\/wp-json\/wp\/v2\/users\/1"}],"replies":[{"embeddable":true,"href":"https:\/\/scoliometer.app\/pt-br\/wp-json\/wp\/v2\/comments?post=4056"}],"version-history":[{"count":0,"href":"https:\/\/scoliometer.app\/pt-br\/wp-json\/wp\/v2\/pages\/4056\/revisions"}],"wp:attachment":[{"href":"https:\/\/scoliometer.app\/pt-br\/wp-json\/wp\/v2\/media?parent=4056"}],"curies":[{"name":"wp","href":"https:\/\/api.w.org\/{rel}","templated":true}]}}