{"id":4023,"date":"2022-06-28T19:20:00","date_gmt":"2022-06-28T13:50:00","guid":{"rendered":"https:\/\/dev.dightinfotech.com\/scolio_life\/disclaimer\/"},"modified":"2023-04-28T18:01:36","modified_gmt":"2023-04-28T12:31:36","slug":"disclaimer","status":"publish","type":"page","link":"https:\/\/scoliometer.app\/fr\/disclaimer\/","title":{"rendered":"Avis de non-responsabilit\u00e9"},"content":{"rendered":"","protected":false},"excerpt":{"rendered":"","protected":false},"author":1,"featured_media":0,"parent":0,"menu_order":0,"comment_status":"closed","ping_status":"closed","template":"my-templates\/disclaimer.php","meta":{"footnotes":""},"class_list":["post-4023","page","type-page","status-publish","hentry"],"yoast_head":"<!-- This site is optimized with the Yoast SEO plugin v27.3 - https:\/\/yoast.com\/product\/yoast-seo-wordpress\/ -->\n<title>Avis de non-responsabilit\u00e9 | Scoliom\u00e8tre<\/title>\n<meta name=\"description\" content=\"Une clause de non-responsabilit\u00e9 m\u00e9dicale pour une application de scoliom\u00e8tre est une d\u00e9claration qui pr\u00e9cise que l&#039;application est destin\u00e9e \u00e0 des fins d&#039;information uniquement et ne doit pas \u00eatre utilis\u00e9e comme substitut \u00e0 un avis m\u00e9dical professionnel.\" \/>\n<meta name=\"robots\" content=\"index, follow, max-snippet:-1, max-image-preview:large, max-video-preview:-1\" \/>\n<link rel=\"canonical\" href=\"https:\/\/scoliometer.app\/fr\/disclaimer\/\" \/>\n<meta property=\"og:locale\" content=\"fr_FR\" \/>\n<meta property=\"og:type\" content=\"article\" \/>\n<meta property=\"og:title\" content=\"Avis de non-responsabilit\u00e9 | Scoliom\u00e8tre\" \/>\n<meta property=\"og:description\" content=\"Une clause de non-responsabilit\u00e9 m\u00e9dicale pour une application de scoliom\u00e8tre est une d\u00e9claration qui pr\u00e9cise que l&#039;application est destin\u00e9e \u00e0 des fins d&#039;information uniquement et ne doit pas \u00eatre utilis\u00e9e comme substitut \u00e0 un avis m\u00e9dical professionnel.\" \/>\n<meta property=\"og:url\" content=\"https:\/\/scoliometer.app\/fr\/disclaimer\/\" \/>\n<meta property=\"og:site_name\" content=\"Scoliometer App\" \/>\n<meta property=\"article:publisher\" content=\"https:\/\/www.facebook.com\/scoliolife\" \/>\n<meta property=\"article:modified_time\" content=\"2023-04-28T12:31:36+00:00\" \/>\n<meta name=\"twitter:card\" content=\"summary_large_image\" \/>\n<meta name=\"twitter:site\" content=\"@drkevinlau\" \/>\n<script type=\"application\/ld+json\" class=\"yoast-schema-graph\">{\"@context\":\"https:\\\/\\\/schema.org\",\"@graph\":[{\"@type\":\"WebPage\",\"@id\":\"https:\\\/\\\/scoliometer.app\\\/fr\\\/disclaimer\\\/\",\"url\":\"https:\\\/\\\/scoliometer.app\\\/fr\\\/disclaimer\\\/\",\"name\":\"Avis de non-responsabilit\u00e9 | Scoliom\u00e8tre\",\"isPartOf\":{\"@id\":\"https:\\\/\\\/scoliometer.app\\\/#website\"},\"datePublished\":\"2022-06-28T13:50:00+00:00\",\"dateModified\":\"2023-04-28T12:31:36+00:00\",\"description\":\"Une clause de non-responsabilit\u00e9 m\u00e9dicale pour une application de scoliom\u00e8tre est une d\u00e9claration qui pr\u00e9cise que l'application est destin\u00e9e \u00e0 des fins d'information uniquement et ne doit pas \u00eatre utilis\u00e9e comme substitut \u00e0 un avis m\u00e9dical professionnel.\",\"breadcrumb\":{\"@id\":\"https:\\\/\\\/scoliometer.app\\\/fr\\\/disclaimer\\\/#breadcrumb\"},\"inLanguage\":\"fr-FR\",\"potentialAction\":[{\"@type\":\"ReadAction\",\"target\":[\"https:\\\/\\\/scoliometer.app\\\/fr\\\/disclaimer\\\/\"]}]},{\"@type\":\"BreadcrumbList\",\"@id\":\"https:\\\/\\\/scoliometer.app\\\/fr\\\/disclaimer\\\/#breadcrumb\",\"itemListElement\":[{\"@type\":\"ListItem\",\"position\":1,\"name\":\"Home\",\"item\":\"https:\\\/\\\/scoliometer.app\\\/fr\\\/\"},{\"@type\":\"ListItem\",\"position\":2,\"name\":\"Avis de non-responsabilit\u00e9\"}]},{\"@type\":\"WebSite\",\"@id\":\"https:\\\/\\\/scoliometer.app\\\/#website\",\"url\":\"https:\\\/\\\/scoliometer.app\\\/\",\"name\":\"Scoliometer App\",\"description\":\"Scoliometer App by ScolioLife\u2122\",\"publisher\":{\"@id\":\"https:\\\/\\\/scoliometer.app\\\/#organization\"},\"potentialAction\":[{\"@type\":\"SearchAction\",\"target\":{\"@type\":\"EntryPoint\",\"urlTemplate\":\"https:\\\/\\\/scoliometer.app\\\/?s={search_term_string}\"},\"query-input\":{\"@type\":\"PropertyValueSpecification\",\"valueRequired\":true,\"valueName\":\"search_term_string\"}}],\"inLanguage\":\"fr-FR\"},{\"@type\":\"Organization\",\"@id\":\"https:\\\/\\\/scoliometer.app\\\/#organization\",\"name\":\"ScolioLife Pte Ltd\",\"url\":\"https:\\\/\\\/scoliometer.app\\\/\",\"logo\":{\"@type\":\"ImageObject\",\"inLanguage\":\"fr-FR\",\"@id\":\"https:\\\/\\\/scoliometer.app\\\/#\\\/schema\\\/logo\\\/image\\\/\",\"url\":\"https:\\\/\\\/scoliometer.app\\\/wp-content\\\/uploads\\\/2022\\\/12\\\/ScolioLife-LogoRectangle-scaled.jpg\",\"contentUrl\":\"https:\\\/\\\/scoliometer.app\\\/wp-content\\\/uploads\\\/2022\\\/12\\\/ScolioLife-LogoRectangle-scaled.jpg\",\"width\":2560,\"height\":819,\"caption\":\"ScolioLife Pte Ltd\"},\"image\":{\"@id\":\"https:\\\/\\\/scoliometer.app\\\/#\\\/schema\\\/logo\\\/image\\\/\"},\"sameAs\":[\"https:\\\/\\\/www.facebook.com\\\/scoliolife\",\"https:\\\/\\\/x.com\\\/drkevinlau\",\"https:\\\/\\\/www.instagram.com\\\/scoliolife\\\/\"]}]}<\/script>\n<!-- \/ Yoast SEO plugin. -->","yoast_head_json":{"title":"Avis de non-responsabilit\u00e9 | Scoliom\u00e8tre","description":"Une clause de non-responsabilit\u00e9 m\u00e9dicale pour une application de scoliom\u00e8tre est une d\u00e9claration qui pr\u00e9cise que l'application est destin\u00e9e \u00e0 des fins d'information uniquement et ne doit pas \u00eatre utilis\u00e9e comme substitut \u00e0 un avis m\u00e9dical professionnel.","robots":{"index":"index","follow":"follow","max-snippet":"max-snippet:-1","max-image-preview":"max-image-preview:large","max-video-preview":"max-video-preview:-1"},"canonical":"https:\/\/scoliometer.app\/fr\/disclaimer\/","og_locale":"fr_FR","og_type":"article","og_title":"Avis de non-responsabilit\u00e9 | Scoliom\u00e8tre","og_description":"Une clause de non-responsabilit\u00e9 m\u00e9dicale pour une application de scoliom\u00e8tre est une d\u00e9claration qui pr\u00e9cise que l'application est destin\u00e9e \u00e0 des fins d'information uniquement et ne doit pas \u00eatre utilis\u00e9e comme substitut \u00e0 un avis m\u00e9dical professionnel.","og_url":"https:\/\/scoliometer.app\/fr\/disclaimer\/","og_site_name":"Scoliometer App","article_publisher":"https:\/\/www.facebook.com\/scoliolife","article_modified_time":"2023-04-28T12:31:36+00:00","twitter_card":"summary_large_image","twitter_site":"@drkevinlau","schema":{"@context":"https:\/\/schema.org","@graph":[{"@type":"WebPage","@id":"https:\/\/scoliometer.app\/fr\/disclaimer\/","url":"https:\/\/scoliometer.app\/fr\/disclaimer\/","name":"Avis de non-responsabilit\u00e9 | Scoliom\u00e8tre","isPartOf":{"@id":"https:\/\/scoliometer.app\/#website"},"datePublished":"2022-06-28T13:50:00+00:00","dateModified":"2023-04-28T12:31:36+00:00","description":"Une clause de non-responsabilit\u00e9 m\u00e9dicale pour une application de scoliom\u00e8tre est une d\u00e9claration qui pr\u00e9cise que l'application est destin\u00e9e \u00e0 des fins d'information uniquement et ne doit pas \u00eatre utilis\u00e9e comme substitut \u00e0 un avis m\u00e9dical professionnel.","breadcrumb":{"@id":"https:\/\/scoliometer.app\/fr\/disclaimer\/#breadcrumb"},"inLanguage":"fr-FR","potentialAction":[{"@type":"ReadAction","target":["https:\/\/scoliometer.app\/fr\/disclaimer\/"]}]},{"@type":"BreadcrumbList","@id":"https:\/\/scoliometer.app\/fr\/disclaimer\/#breadcrumb","itemListElement":[{"@type":"ListItem","position":1,"name":"Home","item":"https:\/\/scoliometer.app\/fr\/"},{"@type":"ListItem","position":2,"name":"Avis de non-responsabilit\u00e9"}]},{"@type":"WebSite","@id":"https:\/\/scoliometer.app\/#website","url":"https:\/\/scoliometer.app\/","name":"Scoliometer App","description":"Scoliometer App by ScolioLife\u2122","publisher":{"@id":"https:\/\/scoliometer.app\/#organization"},"potentialAction":[{"@type":"SearchAction","target":{"@type":"EntryPoint","urlTemplate":"https:\/\/scoliometer.app\/?s={search_term_string}"},"query-input":{"@type":"PropertyValueSpecification","valueRequired":true,"valueName":"search_term_string"}}],"inLanguage":"fr-FR"},{"@type":"Organization","@id":"https:\/\/scoliometer.app\/#organization","name":"ScolioLife Pte Ltd","url":"https:\/\/scoliometer.app\/","logo":{"@type":"ImageObject","inLanguage":"fr-FR","@id":"https:\/\/scoliometer.app\/#\/schema\/logo\/image\/","url":"https:\/\/scoliometer.app\/wp-content\/uploads\/2022\/12\/ScolioLife-LogoRectangle-scaled.jpg","contentUrl":"https:\/\/scoliometer.app\/wp-content\/uploads\/2022\/12\/ScolioLife-LogoRectangle-scaled.jpg","width":2560,"height":819,"caption":"ScolioLife Pte Ltd"},"image":{"@id":"https:\/\/scoliometer.app\/#\/schema\/logo\/image\/"},"sameAs":["https:\/\/www.facebook.com\/scoliolife","https:\/\/x.com\/drkevinlau","https:\/\/www.instagram.com\/scoliolife\/"]}]}},"_links":{"self":[{"href":"https:\/\/scoliometer.app\/fr\/wp-json\/wp\/v2\/pages\/4023","targetHints":{"allow":["GET"]}}],"collection":[{"href":"https:\/\/scoliometer.app\/fr\/wp-json\/wp\/v2\/pages"}],"about":[{"href":"https:\/\/scoliometer.app\/fr\/wp-json\/wp\/v2\/types\/page"}],"author":[{"embeddable":true,"href":"https:\/\/scoliometer.app\/fr\/wp-json\/wp\/v2\/users\/1"}],"replies":[{"embeddable":true,"href":"https:\/\/scoliometer.app\/fr\/wp-json\/wp\/v2\/comments?post=4023"}],"version-history":[{"count":0,"href":"https:\/\/scoliometer.app\/fr\/wp-json\/wp\/v2\/pages\/4023\/revisions"}],"wp:attachment":[{"href":"https:\/\/scoliometer.app\/fr\/wp-json\/wp\/v2\/media?parent=4023"}],"curies":[{"name":"wp","href":"https:\/\/api.w.org\/{rel}","templated":true}]}}